{"id":1620,"date":"2016-10-11T08:27:28","date_gmt":"2016-10-11T08:27:28","guid":{"rendered":"https:\/\/aeroclubalbania.al\/voli-in-parapendio-in-tandem\/"},"modified":"2025-05-21T09:58:29","modified_gmt":"2025-05-21T09:58:29","slug":"voli-in-parapendio-in-tandem","status":"publish","type":"page","link":"https:\/\/aeroclubalbania.al\/it\/voli-in-parapendio-in-tandem\/","title":{"rendered":"Voli in parapendio in tandem"},"content":{"rendered":"<div class=\"wpb-content-wrapper\"><p>[vc_row][vc_column][vc_gallery interval=&#8221;3&#8243; images=&#8221;1192,1191,1190,1096,1095,1094,1064,1063,1062&#8243; img_size=&#8221;1162&#215;654&#8243; onclick=&#8221;&#8221;][vc_raw_js]JTNDc2NyaXB0JTIwdHlwZSUzRCUyMmFwcGxpY2F0aW9uJTJGbGQlMkJqc29uJTIyJTNFJTBBJTdCJTBBJTIwJTIwJTIyJTQwY29udGV4dCUyMiUzQSUyMCUyMmh0dHBzJTNBJTJGJTJGc2NoZW1hLm9yZyUyMiUyQyUwQSUyMCUyMCUyMiU0MHR5cGUlMjIlM0ElMjAlMjJUb3VyaXN0VHJpcCUyMiUyQyUwQSUyMCUyMCUyMm5hbWUlMjIlM0ElMjAlMjJQYXJhZ2xpZGluZyUyMFRhbmRlbSUyMEZsaWdodHMlMjIlMkMlMEElMjAlMjAlMjJkZXNjcmlwdGlvbiUyMiUzQSUyMCUyMkV4cGVyaWVuY2UlMjB0aGUlMjB1bmZvcmdldHRhYmxlJTIwc2Vuc2F0aW9uJTIwb2YlMjBhJTIwUGFyYWdsaWRpbmclMjBUYW5kZW0lMjBGbGlnaHQlMjBpbiUyMFZsb3JhJTIwb3IlMjBMbG9nYXJhJTJDJTIwdGhlJTIwbW9zdCUyMGJlYXV0aWZ1bCUyMGxvY2F0aW9ucyUyMGluJTIwQWxiYW5pYS4lMjBGbHklMjBvdmVyJTIwbW91bnRhaW4lMjBwZWFrcyUyMGFuZCUyMHRoZSUyMHN0dW5uaW5nJTIwdHVycXVvaXNlJTIwd2F0ZXIlMjBvZiUyMHRoZSUyMEFkcmlhdGljJTIwYW5kJTIwSW9uaWFuJTIwc2Vhcy4lMjIlMkMlMEElMjAlMjAlMjJ0b3VyaXN0VHlwZSUyMiUzQSUyMCUyMkFkdmVudHVyZSUyMiUyQyUwQSUyMCUyMCUyMm9mZmVycyUyMiUzQSUyMCU3QiUwQSUyMCUyMCUyMCUyMCUyMiU0MHR5cGUlMjIlM0ElMjAlMjJPZmZlciUyMiUyQyUwQSUyMCUyMCUyMCUyMCUyMnVybCUyMiUzQSUyMCUyMmh0dHBzJTNBJTJGJTJGYWVyb2NsdWJhbGJhbmlhLmFsJTJGZW4lMkZ0YW5kZW0tZmxpZ2h0cyUyRiUyMiUyQyUwQSUyMCUyMCUyMCUyMCUyMnByaWNlQ3VycmVuY3klMjIlM0ElMjAlMjJBTEwlMjIlMkMlMEElMjAlMjAlMjAlMjAlMjJwcmljZSUyMiUzQSUyMCUyMjkwMDAlMjIlMkMlMEElMjAlMjAlMjAlMjAlMjJlbGlnaWJsZVJlZ2lvbiUyMiUzQSUyMCU3QiUwQSUyMCUyMCUyMCUyMCUyMCUyMCUyMiU0MHR5cGUlMjIlM0ElMjAlMjJQbGFjZSUyMiUyQyUwQSUyMCUyMCUyMCUyMCUyMCUyMCUyMm5hbWUlMjIlM0ElMjAlMjJBbGJhbmlhJTIyJTBBJTIwJTIwJTIwJTIwJTdEJTJDJTBBJTIwJTIwJTIwJTIwJTIyaXRlbU9mZmVyZWQlMjIlM0ElMjAlN0IlMEElMjAlMjAlMjAlMjAlMjAlMjAlMjIlNDB0eXBlJTIyJTNBJTIwJTIyU2VydmljZSUyMiUyQyUwQSUyMCUyMCUyMCUyMCUyMCUyMCUyMnNlcnZpY2VUeXBlJTIyJTNBJTIwJTIyUGFyYWdsaWRpbmclMjBUYW5kZW0lMjBGbGlnaHQlMjIlMEElMjAlMjAlMjAlMjAlN0QlMkMlMEElMjAlMjAlMjAlMjAlMjJhdmFpbGFiaWxpdHklMjIlM0ElMjAlMjJodHRwcyUzQSUyRiUyRnNjaGVtYS5vcmclMkZJblN0b2NrJTIyJTJDJTBBJTIwJTIwJTIwJTIwJTIydmFsaWRGcm9tJTIyJTNBJTIwJTIyMjAyNC0wMS0wMSUyMiUyQyUwQSUyMCUyMCUyMCUyMCUyMnZhbGlkVGhyb3VnaCUyMiUzQSUyMCUyMjIwMjQtMTItMzElMjIlMEElMjAlMjAlN0QlMkMlMEElMjAlMjAlMjJsb2NhdGlvbiUyMiUzQSUyMCU3QiUwQSUyMCUyMCUyMCUyMCUyMiU0MHR5cGUlMjIlM0ElMjAlMjJQbGFjZSUyMiUyQyUwQSUyMCUyMCUyMCUyMCUyMm5hbWUlMjIlM0ElMjAlMjJQYXJhZ2xpZGluZyUyMFZsb3JhJTIwYnklMjBBZXJvY2x1YiUyMEFsYmFuaWElMjIlMkMlMEElMjAlMjAlMjAlMjAlMjJnZW8lMjIlM0ElMjAlN0IlMEElMjAlMjAlMjAlMjAlMjAlMjAlMjIlNDB0eXBlJTIyJTNBJTIwJTIyR2VvQ29vcmRpbmF0ZXMlMjIlMkMlMEElMjAlMjAlMjAlMjAlMjAlMjAlMjJsYXRpdHVkZSUyMiUzQSUyMDQwLjQzNDQ4NDMlMkMlMEElMjAlMjAlMjAlMjAlMjAlMjAlMjJsb25naXR1ZGUlMjIlM0ElMjAxOS40OTU0MDExJTBBJTIwJTIwJTIwJTIwJTdEJTJDJTBBJTIwJTIwJTIwJTIwJTIyYWRkcmVzcyUyMiUzQSUyMCU3QiUwQSUyMCUyMCUyMCUyMCUyMCUyMCUyMiU0MHR5cGUlMjIlM0ElMjAlMjJQb3N0YWxBZGRyZXNzJTIyJTJDJTBBJTIwJTIwJTIwJTIwJTIwJTIwJTIyYWRkcmVzc0NvdW50cnklMjIlM0ElMjAlMjJBTCUyMiUyQyUwQSUyMCUyMCUyMCUyMCUyMCUyMCUyMmFkZHJlc3NMb2NhbGl0eSUyMiUzQSUyMCUyMlZsb3JhJTIyJTBBJTIwJTIwJTIwJTIwJTdEJTBBJTIwJTIwJTdEJTJDJTBBJTIwJTIwJTIyb3JnYW5pemVyJTIyJTNBJTIwJTdCJTBBJTIwJTIwJTIwJTIwJTIyJTQwdHlwZSUyMiUzQSUyMCUyMk9yZ2FuaXphdGlvbiUyMiUyQyUwQSUyMCUyMCUyMCUyMCUyMm5hbWUlMjIlM0ElMjAlMjJBZXJvQ2x1YiUyMEFsYmFuaWElMjIlMkMlMEElMjAlMjAlMjAlMjAlMjJ1cmwlMjIlM0ElMjAlMjJodHRwcyUzQSUyRiUyRmFlcm9jbHViYWxiYW5pYS5hbCUyMiUyQyUwQSUyMCUyMCUyMCUyMCUyMmNvbnRhY3RQb2ludCUyMiUzQSUyMCU3QiUwQSUyMCUyMCUyMCUyMCUyMCUyMCUyMiU0MHR5cGUlMjIlM0ElMjAlMjJDb250YWN0UG9pbnQlMjIlMkMlMEElMjAlMjAlMjAlMjAlMjAlMjAlMjJ0ZWxlcGhvbmUlMjIlM0ElMjAlMjIlMkIzNTU2OTIwNzUyNzclMjIlMkMlMEElMjAlMjAlMjAlMjAlMjAlMjAlMjJjb250YWN0VHlwZSUyMiUzQSUyMCUyMkN1c3RvbWVyJTIwU2VydmljZSUyMiUwQSUyMCUyMCUyMCUyMCU3RCUwQSUyMCUyMCU3RCUyQyUwQSUyMCUyMCUyMmltYWdlJTIyJTNBJTIwJTVCJTBBJTIwJTIwJTIwJTIwJTIyaHR0cHMlM0ElMkYlMkZhZXJvY2x1YmFsYmFuaWEuYWwlMkZ3cC1jb250ZW50JTJGdXBsb2FkcyUyRjIwMjMlMkYwMSUyRnRhbmRlbS02LTExNjJ4NjU0LnBuZyUyMiUyQyUwQSUyMCUyMCUyMCUyMCUyMmh0dHBzJTNBJTJGJTJGYWVyb2NsdWJhbGJhbmlhLmFsJTJGd3AtY29udGVudCUyRnVwbG9hZHMlMkYyMDIzJTJGMDElMkZ0YW5kZW0tMy0xMTYyeDY1NC5qcGclMjIlMkMlMEElMjAlMjAlMjAlMjAlMjJodHRwcyUzQSUyRiUyRmFlcm9jbHViYWxiYW5pYS5hbCUyRndwLWNvbnRlbnQlMkZ1cGxvYWRzJTJGMjAxNiUyRjEwJTJGdGFuZGVtLTYtMTE2Mng2NTQucG5nJTIyJTJDJTBBJTIwJTIwJTIwJTIwJTIyaHR0cHMlM0ElMkYlMkZhZXJvY2x1YmFsYmFuaWEuYWwlMkZ3cC1jb250ZW50JTJGdXBsb2FkcyUyRjIwMTYlMkYxMCUyRnRhbmRlbS0zLTExNjJ4NjU0LmpwZyUyMiUyQyUwQSUyMCUyMCUyMCUyMCUyMmh0dHBzJTNBJTJGJTJGYWVyb2NsdWJhbGJhbmlhLmFsJTJGd3AtY29udGVudCUyRnVwbG9hZHMlMkYyMDE2JTJGMTAlMkZ0YW5kZW0tMi0xMTYyeDY1NC5qcGclMjIlMkMlMEElMjAlMjAlMjAlMjAlMjJodHRwcyUzQSUyRiUyRmFlcm9jbHViYWxiYW5pYS5hbCUyRndwLWNvbnRlbnQlMkZ1cGxvYWRzJTJGMjAyMyUyRjAxJTJGdGFuZGVtLTUtMTE2Mng2NTQucG5nJTIyJTJDJTBBJTIwJTIwJTIwJTIwJTIyaHR0cHMlM0ElMkYlMkZhZXJvY2x1YmFsYmFuaWEuYWwlMkZ3cC1jb250ZW50JTJGdXBsb2FkcyUyRjIwMjMlMkYwMSUyRnRhbmRlbS0xLTExNjJ4NjU0LmpwZyUyMiUyQyUwQSUyMCUyMCUyMCUyMCUyMmh0dHBzJTNBJTJGJTJGYWVyb2NsdWJhbGJhbmlhLmFsJTJGd3AtY29udGVudCUyRnVwbG9hZHMlMkYyMDIzJTJGMDElMkZ0YW5kZW0tNy0xMTYyeDY1NC5wbmclMjIlMEElMjAlMjAlNUQlMEElN0QlMEElM0MlMkZzY3JpcHQlM0UlMEE=[\/vc_raw_js][\/vc_column][\/vc_row][vc_row][vc_column][vc_column_text css=&#8221;&#8221;]<\/p>\n<section class=\"services_page_header\">\n<h2 class=\"services_page_title\">Voli in parapendio in tandem<\/h2>\n<\/section>\n<section class=\"services_page_content entry-content\">\n<div class=\"elementor-element elementor-element-91ff7ad sc_fly_static elementor-widget elementor-widget-text-editor\" data-id=\"91ff7ad\" data-element_type=\"widget\" data-widget_type=\"text-editor.default\">\n<div class=\"elementor-widget-container\">\n<div class=\"elementor-text-editor elementor-clearfix\">\n<p>Prova l&#8217;indimenticabile sensazione di un volo tandem in parapendio a Valona, le localit\u00e0 pi\u00f9 belle dell&#8217;Albania!<br \/>\nVola come un uccello sulle cime delle montagne e sulle splendide acque turchesi dell&#8217;Adriatico (Valona). Prova una sana dose di adrenalina con i nostri piloti professionisti!<\/p>\n<p><strong>Chi pu\u00f2 volare?<br \/>\n<\/strong>Tutti possono volare! Voliamo con bambini (con il permesso dei genitori) e adulti di tutte le et\u00e0. Tutto ci\u00f2 di cui hai bisogno \u00e8 la capacit\u00e0 di base di correre. Non \u00e8 necessaria alcuna esperienza precedente, il nostro pilota ti istruir\u00e0 sulla procedura di decollo e atterraggio. Ascolta con attenzione e divertiti: sei in buone mani!<\/p>\n<p><strong>Importante!<\/strong> Assicurati di avere con te delle scarpe sportive: potresti correre un po&#8217;!<br \/>\nSi consiglia inoltre di indossare un abbigliamento sportivo.<\/p>\n<p>Se hai qualche disabilit\u00e0 o problema di salute, faccelo sapere: insieme troveremo un modo per portarti in volo!<\/p>\n<p><strong>Dove voliamo?<\/strong><\/p>\n<p>Durante l&#8217;estate voliamo a <a href=\"https:\/\/goo.gl\/maps\/3hSkjVsMWgbBJSHv7\" target=\"_blank\" rel=\"noopener\">Valona<\/a>, in Albania.<br \/>\nNel resto dell&#8217;anno \u00e8 possibile volare a Dajti, Korca e Berat.<\/p>\n<p><strong>Cosa \u00e8 incluso?<\/strong><\/p>\n<ol>\n<li>guida di un pilota certificato di parapendio in tandem<\/li>\n<li>trasporto dal punto di incontro al decollo (o viceversa)<\/li>\n<li>Video GoPro del volo<\/li>\n<li>ricordi indimenticabili!<\/li>\n<\/ol>\n<p><strong>Come prenotare?<\/strong><\/p>\n<p>Il parapendio \u00e8 uno sport che dipende dalle condizioni meteorologiche. Per prima cosa prenota il tuo volo <a href=\"#tandem-contact-us\">qui<\/a>. Il nostro pilota ti contatter\u00e0 un giorno prima del volo prenotato dopo aver controllato l&#8217;ultimo aggiornamento meteo e ti comunicher\u00e0 i dettagli: luogo e ora dell&#8217;incontro. Il volo in parapendio pu\u00f2 essere anche un&#8217;ottima idea regalo! Regala ai tuoi cari un voucher per un volo tandem in parapendio e aiutali a realizzare i loro sogni!<\/p>\n<p><strong>Qual \u00e8 il prezzo?<\/strong><\/p>\n<p>Il prezzo del volo per una persona \u00e8 di 100 EURO. Accettiamo anche pagamenti in ALL e USD al tasso di cambio attuale. Solo contanti.<\/p>\n<p>Per maggiori informazioni chiamaci o scrivici!<\/p>\n<\/div>\n<\/div>\n<\/div>\n<\/section>\n<p>[\/vc_column_text][vc_raw_html css=&#8221;&#8221;]PGJyPgo8c3Ryb25nPlB1bnRvIGQnaW5jb250cm8hPC9zdHJvbmc+CjxpZnJhbWUgc3JjPSJodHRwczovL3d3dy5nb29nbGUuY29tL21hcHMvZW1iZWQ\/cGI9ITFtMTghMW0xMiExbTMhMWQzMDM2Ljg0MjQwNzc0ODQ5MzMhMmQxOS40OTI4MjYxNzY1NDg0NSEzZDQwLjQzNDQ4ODM1NDU1NzUyITJtMyExZjAhMmYwITNmMCEzbTIhMWkxMDI0ITJpNzY4ITRmMTMuMSEzbTMhMW0yITFzMHgxMzQ1MzMyYzg2ZDRkYmI3JTNBMHgzNjM0YWExNDhmZjNlNGE2ITJzUGFyYWdsaWRpbmclMjBWbG9yYSUyMGJ5JTIwQWVyb2NsdWIlMjBBbGJhbmlhITVlMCEzbTIhMXNlbiEycyE0djE3MjA1MTUyMzEyNDEhNW0yITFzZW4hMnMiIHdpZHRoPSI2MDAiIGhlaWdodD0iMjUwIiBzdHlsZT0iYm9yZGVyOjA7IiBhbGxvd2Z1bGxzY3JlZW49IiIgbG9hZGluZz0ibGF6eSIgcmVmZXJyZXJwb2xpY3k9Im5vLXJlZmVycmVyLXdoZW4tZG93bmdyYWRlIj48L2lmcmFtZT4=[\/vc_raw_html][\/vc_column][\/vc_row][vc_row][vc_column][vc_row_inner][vc_column_inner el_id=&#8221;tandem-contact-us&#8221;][vc_column_text css=&#8221;.vc_custom_1685390587576{margin-bottom: 20px !important;}&#8221;]<\/p>\n<h3>PRENOTA ORA compilando questo modulo!<\/h3>\n<p>[\/vc_column_text][\/vc_column_inner][\/vc_row_inner]\n<div class=\"wpcf7 no-js\" id=\"wpcf7-f1619-o1\" lang=\"it-IT\" dir=\"ltr\">\n<div class=\"screen-reader-response\"><p role=\"status\" aria-live=\"polite\" aria-atomic=\"true\"><\/p> <ul><\/ul><\/div>\n<form action=\"\/it\/wp-json\/wp\/v2\/pages\/1620#wpcf7-f1619-o1\" method=\"post\" class=\"wpcf7-form init\" aria-label=\"Contact form\" novalidate=\"novalidate\" data-status=\"init\">\n<div style=\"display: none;\">\n<input type=\"hidden\" name=\"_wpcf7\" value=\"1619\" \/>\n<input type=\"hidden\" name=\"_wpcf7_version\" value=\"5.9.8\" \/>\n<input type=\"hidden\" name=\"_wpcf7_locale\" value=\"it_IT\" \/>\n<input type=\"hidden\" name=\"_wpcf7_unit_tag\" value=\"wpcf7-f1619-o1\" \/>\n<input type=\"hidden\" name=\"_wpcf7_container_post\" value=\"0\" \/>\n<input type=\"hidden\" name=\"_wpcf7_posted_data_hash\" value=\"\" \/>\n<input type=\"hidden\" name=\"_wpcf7_recaptcha_response\" value=\"\" \/>\n<\/div>\n<div class=\"columns_wrap\">\n\t<div class=\"column-1_1\">\n\t\t<p><span class=\"wpcf7-form-control-wrap\" data-name=\"your-name\"><input size=\"40\" maxlength=\"400\" class=\"wpcf7-form-control wpcf7-text wpcf7-validates-as-required\" aria-required=\"true\" aria-invalid=\"false\" placeholder=\"Nome\" value=\"\" type=\"text\" name=\"your-name\" \/><\/span>\n\t\t<\/p>\n\t<\/div>\n<\/div>\n<div class=\"columns_wrap\">\n\t<div class=\"column-1_1\">\n\t\t<p><span class=\"wpcf7-form-control-wrap\" data-name=\"your-email\"><input size=\"40\" maxlength=\"400\" class=\"wpcf7-form-control wpcf7-email wpcf7-validates-as-required wpcf7-text wpcf7-validates-as-email\" aria-required=\"true\" aria-invalid=\"false\" placeholder=\"E-mail\" value=\"\" type=\"email\" name=\"your-email\" \/><\/span>\n\t\t<\/p>\n\t<\/div>\n\t<div class=\"column-1_1\">\n\t\t<p><span class=\"wpcf7-form-control-wrap phone-int\"><input class=\"wpcf7-form-control wpcf7-intl_tel wpcf7-validates-as-required wpcf7-intl-tel\" aria-required=\"true\" aria-invalid=\"false\" placeholder=\"Numero di telefono*\" data-initialcountry=\"al\" value=\"\" type=\"tel\" name=\"phone-int-cf7it-national\" \/><input name=\"phone-int\" type=\"hidden\" class=\"wpcf7-intl-tel-full\" \/><input type=\"hidden\" name=\"phone-int-cf7it-country-name\" class=\"wpcf7-intl-tel-country-name\" \/><input type=\"hidden\" name=\"phone-int-cf7it-country-code\" class=\"wpcf7-intl-tel-country-code\" \/><input type=\"hidden\" name=\"phone-int-cf7it-country-iso2\" class=\"wpcf7-intl-tel-country-iso2\" \/><\/span>\n\t\t<\/p>\n\t<\/div>\n\t<div class=\"column-1_1\">\n\t\t<p><span class=\"wpcf7-form-control-wrap\" data-name=\"number-of-persons\"><input class=\"wpcf7-form-control wpcf7-number wpcf7-validates-as-required wpcf7-validates-as-number\" aria-required=\"true\" aria-invalid=\"false\" placeholder=\"Numero di persone\" value=\"\" type=\"number\" name=\"number-of-persons\" \/><\/span>\n\t\t<\/p>\n\t<\/div>\n\t<div class=\"column-1_1\">\n\t\t<p><span class=\"wpcf7-form-control-wrap\" data-name=\"date\"><input class=\"wpcf7-form-control wpcf7-date wpcf7-validates-as-required wpcf7-validates-as-date\" min=\"2026-04-04\" aria-required=\"true\" aria-invalid=\"false\" placeholder=\"Data\" value=\"\" type=\"date\" name=\"date\" \/><\/span>\n\t\t<\/p>\n\t<\/div>\n\t<div class=\"column-1_1\">\n\t\t<p><span class=\"wpcf7-form-control-wrap\" data-name=\"textarea-message\"><textarea cols=\"40\" rows=\"6\" maxlength=\"2000\" class=\"wpcf7-form-control wpcf7-textarea\" aria-invalid=\"false\" placeholder=\"Commenti o domande?\" name=\"textarea-message\"><\/textarea><\/span>\n\t\t<\/p>\n\t<\/div>\n<\/div>\n<div class=\"columns_wrap\">\n\t<div class=\"column-1_1\">\n\t\t<p><span class=\"wpcf7-form-control-wrap\" data-name=\"acceptance-86\"><span class=\"wpcf7-form-control wpcf7-acceptance\"><span class=\"wpcf7-list-item\"><label><input type=\"checkbox\" name=\"acceptance-86\" value=\"1\" aria-invalid=\"false\" \/><span class=\"wpcf7-list-item-label\">Accetto che i dati da me inviati vengano raccolti e conservati.<\/span><\/label><\/span><\/span><\/span><br \/>\n<span class=\"aligncenter\"><br \/>\n<input class=\"wpcf7-form-control wpcf7-submit has-spinner\" type=\"submit\" value=\"Invia un messaggio\" \/><\/span>\n\t\t<\/p>\n\t<\/div>\n<\/div><p style=\"display: none !important;\" class=\"akismet-fields-container\" data-prefix=\"_wpcf7_ak_\"><label>&#916;<textarea name=\"_wpcf7_ak_hp_textarea\" cols=\"45\" rows=\"8\" maxlength=\"100\"><\/textarea><\/label><input type=\"hidden\" id=\"ak_js_1\" name=\"_wpcf7_ak_js\" value=\"155\"\/><script>document.getElementById( \"ak_js_1\" ).setAttribute( \"value\", ( new Date() ).getTime() );<\/script><\/p><div class=\"wpcf7-response-output\" aria-hidden=\"true\"><\/div>\n<\/form>\n<\/div>\n[vc_raw_js]JTNDJTIxLS0lMjBFdmVudCUyMHNuaXBwZXQlMjBmb3IlMjBTdWJtaXQlMjBsZWFkJTIwZm9ybSUyMGNvbnZlcnNpb24lMjBwYWdlJTIwLS0lM0UlMEElM0NzY3JpcHQlM0UlMEFkb2N1bWVudC5hZGRFdmVudExpc3RlbmVyJTI4JTIwJTI3d3BjZjdzdWJtaXQlMjclMkMlMjBmdW5jdGlvbiUyOCUyMGV2ZW50JTIwJTI5JTIwJTdCJTBBJTIwJTIwZ3RhZyUyOCUyN2V2ZW50JTI3JTJDJTIwJTI3Y29udmVyc2lvbiUyNyUyQyUyMCU3QiUyN3NlbmRfdG8lMjclM0ElMjAlMjdBVy0xNjY4Mzg1NjYwNiUyRmUwMnVDSVd2cHRBWkVON2x2Wk0tJTI3JTdEJTI5JTNCJTBBJTdEJTJDJTIwZmFsc2UlMjAlMjklM0IlMEElM0MlMkZzY3JpcHQlM0UlMEE=[\/vc_raw_js][\/vc_column][\/vc_row]<\/p>\n<\/div>","protected":false},"excerpt":{"rendered":"<p>[vc_row][vc_column][vc_gallery interval=&#8221;3&#8243; images=&#8221;1192,1191,1190,1096,1095,1094,1064,1063,1062&#8243; img_size=&#8221;1162&#215;654&#8243; onclick=&#8221;&#8221;][vc_raw_js]JTNDc2NyaXB0JTIwdHlwZSUzRCUyMmFwcGxpY2F0aW9uJTJGbGQlMkJqc29uJTIyJTNFJTBBJTdCJTBBJTIwJTIwJTIyJTQwY29udGV4dCUyMiUzQSUyMCUyMmh0dHBzJTNBJTJGJTJGc2NoZW1hLm9yZyUyMiUyQyUwQSUyMCUyMCUyMiU0MHR5cGUlMjIlM0ElMjAlMjJUb3VyaXN0VHJpcCUyMiUyQyUwQSUyMCUyMCUyMm5hbWUlMjIlM0ElMjAlMjJQYXJhZ2xpZGluZyUyMFRhbmRlbSUyMEZsaWdodHMlMjIlMkMlMEElMjAlMjAlMjJkZXNjcmlwdGlvbiUyMiUzQSUyMCUyMkV4cGVyaWVuY2UlMjB0aGUlMjB1bmZvcmdldHRhYmxlJTIwc2Vuc2F0aW9uJTIwb2YlMjBhJTIwUGFyYWdsaWRpbmclMjBUYW5kZW0lMjBGbGlnaHQlMjBpbiUyMFZsb3JhJTIwb3IlMjBMbG9nYXJhJTJDJTIwdGhlJTIwbW9zdCUyMGJlYXV0aWZ1bCUyMGxvY2F0aW9ucyUyMGluJTIwQWxiYW5pYS4lMjBGbHklMjBvdmVyJTIwbW91bnRhaW4lMjBwZWFrcyUyMGFuZCUyMHRoZSUyMHN0dW5uaW5nJTIwdHVycXVvaXNlJTIwd2F0ZXIlMjBvZiUyMHRoZSUyMEFkcmlhdGljJTIwYW5kJTIwSW9uaWFuJTIwc2Vhcy4lMjIlMkMlMEElMjAlMjAlMjJ0b3VyaXN0VHlwZSUyMiUzQSUyMCUyMkFkdmVudHVyZSUyMiUyQyUwQSUyMCUyMCUyMm9mZmVycyUyMiUzQSUyMCU3QiUwQSUyMCUyMCUyMCUyMCUyMiU0MHR5cGUlMjIlM0ElMjAlMjJPZmZlciUyMiUyQyUwQSUyMCUyMCUyMCUyMCUyMnVybCUyMiUzQSUyMCUyMmh0dHBzJTNBJTJGJTJGYWVyb2NsdWJhbGJhbmlhLmFsJTJGZW4lMkZ0YW5kZW0tZmxpZ2h0cyUyRiUyMiUyQyUwQSUyMCUyMCUyMCUyMCUyMnByaWNlQ3VycmVuY3klMjIlM0ElMjAlMjJBTEwlMjIlMkMlMEElMjAlMjAlMjAlMjAlMjJwcmljZSUyMiUzQSUyMCUyMjkwMDAlMjIlMkMlMEElMjAlMjAlMjAlMjAlMjJlbGlnaWJsZVJlZ2lvbiUyMiUzQSUyMCU3QiUwQSUyMCUyMCUyMCUyMCUyMCUyMCUyMiU0MHR5cGUlMjIlM0ElMjAlMjJQbGFjZSUyMiUyQyUwQSUyMCUyMCUyMCUyMCUyMCUyMCUyMm5hbWUlMjIlM0ElMjAlMjJBbGJhbmlhJTIyJTBBJTIwJTIwJTIwJTIwJTdEJTJDJTBBJTIwJTIwJTIwJTIwJTIyaXRlbU9mZmVyZWQlMjIlM0ElMjAlN0IlMEElMjAlMjAlMjAlMjAlMjAlMjAlMjIlNDB0eXBlJTIyJTNBJTIwJTIyU2VydmljZSUyMiUyQyUwQSUyMCUyMCUyMCUyMCUyMCUyMCUyMnNlcnZpY2VUeXBlJTIyJTNBJTIwJTIyUGFyYWdsaWRpbmclMjBUYW5kZW0lMjBGbGlnaHQlMjIlMEElMjAlMjAlMjAlMjAlN0QlMkMlMEElMjAlMjAlMjAlMjAlMjJhdmFpbGFiaWxpdHklMjIlM0ElMjAlMjJodHRwcyUzQSUyRiUyRnNjaGVtYS5vcmclMkZJblN0b2NrJTIyJTJDJTBBJTIwJTIwJTIwJTIwJTIydmFsaWRGcm9tJTIyJTNBJTIwJTIyMjAyNC0wMS0wMSUyMiUyQyUwQSUyMCUyMCUyMCUyMCUyMnZhbGlkVGhyb3VnaCUyMiUzQSUyMCUyMjIwMjQtMTItMzElMjIlMEElMjAlMjAlN0QlMkMlMEElMjAlMjAlMjJsb2NhdGlvbiUyMiUzQSUyMCU3QiUwQSUyMCUyMCUyMCUyMCUyMiU0MHR5cGUlMjIlM0ElMjAlMjJQbGFjZSUyMiUyQyUwQSUyMCUyMCUyMCUyMCUyMm5hbWUlMjIlM0ElMjAlMjJQYXJhZ2xpZGluZyUyMFZsb3JhJTIwYnklMjBBZXJvY2x1YiUyMEFsYmFuaWElMjIlMkMlMEElMjAlMjAlMjAlMjAlMjJnZW8lMjIlM0ElMjAlN0IlMEElMjAlMjAlMjAlMjAlMjAlMjAlMjIlNDB0eXBlJTIyJTNBJTIwJTIyR2VvQ29vcmRpbmF0ZXMlMjIlMkMlMEElMjAlMjAlMjAlMjAlMjAlMjAlMjJsYXRpdHVkZSUyMiUzQSUyMDQwLjQzNDQ4NDMlMkMlMEElMjAlMjAlMjAlMjAlMjAlMjAlMjJsb25naXR1ZGUlMjIlM0ElMjAxOS40OTU0MDExJTBBJTIwJTIwJTIwJTIwJTdEJTJDJTBBJTIwJTIwJTIwJTIwJTIyYWRkcmVzcyUyMiUzQSUyMCU3QiUwQSUyMCUyMCUyMCUyMCUyMCUyMCUyMiU0MHR5cGUlMjIlM0ElMjAlMjJQb3N0YWxBZGRyZXNzJTIyJTJDJTBBJTIwJTIwJTIwJTIwJTIwJTIwJTIyYWRkcmVzc0NvdW50cnklMjIlM0ElMjAlMjJBTCUyMiUyQyUwQSUyMCUyMCUyMCUyMCUyMCUyMCUyMmFkZHJlc3NMb2NhbGl0eSUyMiUzQSUyMCUyMlZsb3JhJTIyJTBBJTIwJTIwJTIwJTIwJTdEJTBBJTIwJTIwJTdEJTJDJTBBJTIwJTIwJTIyb3JnYW5pemVyJTIyJTNBJTIwJTdCJTBBJTIwJTIwJTIwJTIwJTIyJTQwdHlwZSUyMiUzQSUyMCUyMk9yZ2FuaXphdGlvbiUyMiUyQyUwQSUyMCUyMCUyMCUyMCUyMm5hbWUlMjIlM0ElMjAlMjJBZXJvQ2x1YiUyMEFsYmFuaWElMjIlMkMlMEElMjAlMjAlMjAlMjAlMjJ1cmwlMjIlM0ElMjAlMjJodHRwcyUzQSUyRiUyRmFlcm9jbHViYWxiYW5pYS5hbCUyMiUyQyUwQSUyMCUyMCUyMCUyMCUyMmNvbnRhY3RQb2ludCUyMiUzQSUyMCU3QiUwQSUyMCUyMCUyMCUyMCUyMCUyMCUyMiU0MHR5cGUlMjIlM0ElMjAlMjJDb250YWN0UG9pbnQlMjIlMkMlMEElMjAlMjAlMjAlMjAlMjAlMjAlMjJ0ZWxlcGhvbmUlMjIlM0ElMjAlMjIlMkIzNTU2OTIwNzUyNzclMjIlMkMlMEElMjAlMjAlMjAlMjAlMjAlMjAlMjJjb250YWN0VHlwZSUyMiUzQSUyMCUyMkN1c3RvbWVyJTIwU2VydmljZSUyMiUwQSUyMCUyMCUyMCUyMCU3RCUwQSUyMCUyMCU3RCUyQyUwQSUyMCUyMCUyMmltYWdlJTIyJTNBJTIwJTVCJTBBJTIwJTIwJTIwJTIwJTIyaHR0cHMlM0ElMkYlMkZhZXJvY2x1YmFsYmFuaWEuYWwlMkZ3cC1jb250ZW50JTJGdXBsb2FkcyUyRjIwMjMlMkYwMSUyRnRhbmRlbS02LTExNjJ4NjU0LnBuZyUyMiUyQyUwQSUyMCUyMCUyMCUyMCUyMmh0dHBzJTNBJTJGJTJGYWVyb2NsdWJhbGJhbmlhLmFsJTJGd3AtY29udGVudCUyRnVwbG9hZHMlMkYyMDIzJTJGMDElMkZ0YW5kZW0tMy0xMTYyeDY1NC5qcGclMjIlMkMlMEElMjAlMjAlMjAlMjAlMjJodHRwcyUzQSUyRiUyRmFlcm9jbHViYWxiYW5pYS5hbCUyRndwLWNvbnRlbnQlMkZ1cGxvYWRzJTJGMjAxNiUyRjEwJTJGdGFuZGVtLTYtMTE2Mng2NTQucG5nJTIyJTJDJTBBJTIwJTIwJTIwJTIwJTIyaHR0cHMlM0ElMkYlMkZhZXJvY2x1YmFsYmFuaWEuYWwlMkZ3cC1jb250ZW50JTJGdXBsb2FkcyUyRjIwMTYlMkYxMCUyRnRhbmRlbS0zLTExNjJ4NjU0LmpwZyUyMiUyQyUwQSUyMCUyMCUyMCUyMCUyMmh0dHBzJTNBJTJGJTJGYWVyb2NsdWJhbGJhbmlhLmFsJTJGd3AtY29udGVudCUyRnVwbG9hZHMlMkYyMDE2JTJGMTAlMkZ0YW5kZW0tMi0xMTYyeDY1NC5qcGclMjIlMkMlMEElMjAlMjAlMjAlMjAlMjJodHRwcyUzQSUyRiUyRmFlcm9jbHViYWxiYW5pYS5hbCUyRndwLWNvbnRlbnQlMkZ1cGxvYWRzJTJGMjAyMyUyRjAxJTJGdGFuZGVtLTUtMTE2Mng2NTQucG5nJTIyJTJDJTBBJTIwJTIwJTIwJTIwJTIyaHR0cHMlM0ElMkYlMkZhZXJvY2x1YmFsYmFuaWEuYWwlMkZ3cC1jb250ZW50JTJGdXBsb2FkcyUyRjIwMjMlMkYwMSUyRnRhbmRlbS0xLTExNjJ4NjU0LmpwZyUyMiUyQyUwQSUyMCUyMCUyMCUyMCUyMmh0dHBzJTNBJTJGJTJGYWVyb2NsdWJhbGJhbmlhLmFsJTJGd3AtY29udGVudCUyRnVwbG9hZHMlMkYyMDIzJTJGMDElMkZ0YW5kZW0tNy0xMTYyeDY1NC5wbmclMjIlMEElMjAlMjAlNUQlMEElN0QlMEElM0MlMkZzY3JpcHQlM0UlMEE=[\/vc_raw_js][\/vc_column][\/vc_row][vc_row][vc_column][vc_column_text css=&#8221;&#8221;] Voli in parapendio in tandem Prova l&#8217;indimenticabile sensazione di un volo tandem in parapendio&hellip;<\/p>\n","protected":false},"author":1,"featured_media":0,"parent":0,"menu_order":0,"comment_status":"closed","ping_status":"closed","template":"","meta":{"_monsterinsights_skip_tracking":false,"_monsterinsights_sitenote_active":false,"_monsterinsights_sitenote_note":"","_monsterinsights_sitenote_category":0,"footnotes":""},"class_list":["post-1620","page","type-page","status-publish","hentry"],"aioseo_notices":[],"_links":{"self":[{"href":"https:\/\/aeroclubalbania.al\/it\/wp-json\/wp\/v2\/pages\/1620"}],"collection":[{"href":"https:\/\/aeroclubalbania.al\/it\/wp-json\/wp\/v2\/pages"}],"about":[{"href":"https:\/\/aeroclubalbania.al\/it\/wp-json\/wp\/v2\/types\/page"}],"author":[{"embeddable":true,"href":"https:\/\/aeroclubalbania.al\/it\/wp-json\/wp\/v2\/users\/1"}],"replies":[{"embeddable":true,"href":"https:\/\/aeroclubalbania.al\/it\/wp-json\/wp\/v2\/comments?post=1620"}],"version-history":[{"count":11,"href":"https:\/\/aeroclubalbania.al\/it\/wp-json\/wp\/v2\/pages\/1620\/revisions"}],"predecessor-version":[{"id":1756,"href":"https:\/\/aeroclubalbania.al\/it\/wp-json\/wp\/v2\/pages\/1620\/revisions\/1756"}],"wp:attachment":[{"href":"https:\/\/aeroclubalbania.al\/it\/wp-json\/wp\/v2\/media?parent=1620"}],"curies":[{"name":"wp","href":"https:\/\/api.w.org\/{rel}","templated":true}]}}