{"id":1597,"date":"2016-10-11T08:28:05","date_gmt":"2016-10-11T08:28:05","guid":{"rendered":"https:\/\/aeroclubalbania.al\/homepage-1\/"},"modified":"2024-06-24T15:27:00","modified_gmt":"2024-06-24T15:27:00","slug":"homepage-1","status":"publish","type":"page","link":"https:\/\/aeroclubalbania.al\/it\/","title":{"rendered":"Homepage 1"},"content":{"rendered":"<div class=\"wpb-content-wrapper\"><p>[vc_row full_width=&#8221;stretch_row_content_no_spaces&#8221;][vc_column][rev_slider_vc alias=&#8221;home-1&#8243;][\/vc_column][\/vc_row][vc_row full_width=&#8221;stretch_row&#8221; css=&#8221;.vc_custom_1476947842768{padding-top: 5.8em !important;padding-bottom: 7.1em !important;}&#8221;][vc_column width=&#8221;1\/2&#8243; css=&#8221;.vc_custom_1673873572333{padding-right: 2em !important;}&#8221;][vc_single_image image=&#8221;1065&#8243; img_size=&#8221;600&#215;600&#8243; add_caption=&#8221;yes&#8221; alignment=&#8221;right&#8221;][\/vc_column][vc_column width=&#8221;1\/2&#8243; css=&#8221;.vc_custom_1673873586309{padding-top: 2.5em !important;padding-left: 2.9em !important;}&#8221;]<div id=\"sc_title_717288858\"\n\t\tclass=\"scheme_default sc_title sc_title_default\"><h6 class=\"sc_item_subtitle sc_title_subtitle sc_align_left sc_item_title_style_title-medium-size-style\">AeroClub Albania<\/h6><h3 class=\"sc_item_title sc_title_title sc_align_left sc_item_title_style_title-medium-size-style\">About us<\/h3><\/div><!-- \/.sc_title -->[vc_column_text css=&#8221;.vc_custom_1674813910474{margin-top: 2em !important;margin-bottom: 2em !important;}&#8221;]<\/p>\n<div class=\"elementor-element elementor-element-24ea3ee scheme_default sc_fly_static elementor-widget elementor-widget-trx_sc_title\" data-id=\"24ea3ee\" data-element_type=\"widget\" data-widget_type=\"trx_sc_title.default\">\n<div class=\"elementor-widget-container\">\n<div id=\"trx_sc_title_2034153035\" class=\"sc_title scheme_default sc_title_default\">\n<div class=\"sc_item_descr sc_title_descr\">\n<p>La scuola di parapendio Aeroclub Albania \u00e8 stata fondata da Roland Dorozhani nel 2009 come prima scuola di parapendio in Albania. Per raggiungere gli standard internazionali di insegnamento, nel 2012 siamo diventati membri dell&#8217;<a href=\"https:\/\/flyappi.org\/\" target=\"_blank\" rel=\"nofollow noopener\">APPI &#8211; Associazione dei Piloti<\/a> e Istruttori <a href=\"https:\/\/flyappi.org\/\" target=\"_blank\" rel=\"nofollow noopener\">di Parapendio<\/a> con sede in Svizzera e ora operante in 51 paesi del mondo. Siamo piccoli ma<br \/>\nUna scuola molto ambiziosa che si concentra sull&#8217;approccio individuale ai propri studenti. Ti guideremo per tutta la durata della tua avventura in parapendio. Offriamo corsi per <a href=\"https:\/\/aeroclubalbania.al\/en\/services\/begginer\/\">principianti<\/a> e <a href=\"https:\/\/aeroclubalbania.al\/en\/services\/progression\/\">piloti con poco tempo di volo<\/a>, oltre a corsi <a href=\"https:\/\/aeroclubalbania.al\/en\/siv\/\">SIV<\/a> e di introduzione all&#8217;acro.<br \/>\nOrganizziamo anche viaggi in parapendio (link) in Albania per piloti di tutti i livelli.<\/p>\n<\/div>\n<\/div>\n<\/div>\n<\/div>\n<p>[\/vc_column_text][\/vc_column][\/vc_row][vc_row full_width=&#8221;stretch_row&#8221; css=&#8221;.vc_custom_1476947842768{padding-top: 5.8em !important;padding-bottom: 7.1em !important;}&#8221;][vc_column width=&#8221;1\/2&#8243; css=&#8221;.vc_custom_1673873586309{padding-top: 2.5em !important;padding-left: 2.9em !important;}&#8221;]<div id=\"sc_title_1033174962\"\n\t\tclass=\"scheme_default sc_title sc_title_default  vc_custom_1674061370053\"><h6 class=\"sc_item_subtitle sc_title_subtitle sc_align_left sc_item_title_style_title-medium-size-style\">Our Instructor<\/h6><h3 class=\"sc_item_title sc_title_title sc_align_left sc_item_title_style_title-medium-size-style\">Roland Dorozhani<\/h3><\/div><!-- \/.sc_title -->[vc_column_text css=&#8221;.vc_custom_1674059793404{margin-top: 2em !important;margin-bottom: 2em !important;}&#8221;]<\/p>\n<div class=\"elementor-element elementor-element-24ea3ee scheme_default sc_fly_static elementor-widget elementor-widget-trx_sc_title\" data-id=\"24ea3ee\" data-element_type=\"widget\" data-widget_type=\"trx_sc_title.default\">\n<div class=\"elementor-widget-container\">\n<div id=\"trx_sc_title_2034153035\" class=\"sc_title scheme_default sc_title_default\">\n<div class=\"sc_item_descr sc_title_descr\">\n<div class=\"elementor-element elementor-element-a54e4a4 scheme_default sc_fly_static elementor-widget elementor-widget-trx_sc_title\" data-id=\"a54e4a4\" data-element_type=\"widget\" data-widget_type=\"trx_sc_title.default\">\n<div class=\"elementor-widget-container\">\n<div id=\"trx_sc_title_632740205\" class=\"sc_title scheme_default sc_title_default\">\n<div class=\"sc_item_descr sc_title_descr\">\n<p>Roland \u00e8 nato in Albania nel 1972. Si \u00e8 laureato come ingegnere meccanico presso l&#8217;Universit\u00e0 Tecnica di Tirana. Dopo la laurea, ha intrapreso un corso di formazione per la costruzione, la manutenzione e il volo di velivoli ultraleggeri a Torino, Italia (ICP).<br \/>\nHa iniziato la sua avventura con il parapendio volando da solo nell&#8217;aprile del 2001 e ha continuato nel suo paese fino al 2005, quando ha incontrato Mendo Veljanovski che \u00e8 diventato il suo istruttore. Da quel momento ha vissuto un grande progresso, puntando ai massimi livelli di questo sport. Poco dopo ha iniziato a volare con l&#8217;Acro.<br \/>\nIl mio primo workshop per istruttori APPI, da studente, si \u00e8 svolto nel 2014 in Montenegro.<br \/>\nSuccessivamente, nel 2015, per aggiornare le mie conoscenze, ho partecipato ad altri due workshop APPI, uno in Grecia e uno in Bulgaria. In seguito, questa volta come insegnante, ho partecipato a diversi proworkshop e corsi APPI in Kosovo, Macedonia del Nord, Grecia e India.<br \/>\nNel corso della mia carriera di pilota, ho sempre cercato di rendere il parapendio pi\u00f9 popolare nel mio paese e di aumentare il livello di educazione, professionalit\u00e0 e sicurezza dei piloti. Nel 2009 ho fondato l&#8217;Aeroclub Albania, la prima scuola e club di parapendio albanese. Dal 2012 siamo diventati membri dell&#8217;APPI.<br \/>\nNel 2008 ho partecipato alla World Acro Cup &#8211; Acro Attack a Oludeniz, in Turchia. Dal 2019 sono stato addestrato e certificato come giudice ufficiale FAI Acro.<\/p>\n<\/div>\n<\/div>\n<\/div>\n<\/div>\n<\/div>\n<\/div>\n<\/div>\n<\/div>\n<p>[\/vc_column_text][\/vc_column][vc_column width=&#8221;1\/2&#8243;][vc_single_image image=&#8221;1306&#8243; img_size=&#8221;600&#215;600&#8243; add_caption=&#8221;yes&#8221; alignment=&#8221;center&#8221; css=&#8221;.vc_custom_1682948530769{margin-top: 80px !important;}&#8221;][\/vc_column][\/vc_row][vc_row full_width=&#8221;stretch_row&#8221; css=&#8221;.vc_custom_1685526872448{padding-top: 6.9em !important;padding-bottom: 7.3em !important;background-image: url(http:\/\/aeroclubalbania.al\/wp-content\/uploads\/2016\/10\/background-1.jpg?id=320) !important;}&#8221;][vc_column]<div id=\"sc_title_981332040\"\n\t\tclass=\"sc_title sc_title_default  vc_custom_1674057511660\"><h3 class=\"sc_item_title sc_title_title sc_align_center sc_item_title_style_title-medium-size-style\">Photo Gallery From Our Activities<\/h3><\/div><!-- \/.sc_title -->[vc_images_carousel images=&#8221;1062,1063,1064,1065,1094,1095,1096,1103,1104,1105,1106,1107,1126&#8243; img_size=&#8221;full&#8221; onclick=&#8221;link_no&#8221; autoplay=&#8221;yes&#8221; wrap=&#8221;yes&#8221;][\/vc_column][\/vc_row][vc_row full_width=&#8221;stretch_row&#8221; css=&#8221;.vc_custom_1673972700129{padding-top: 6em !important;padding-bottom: 6.9em !important;}&#8221;][vc_column width=&#8221;2\/3&#8243; css=&#8221;.vc_custom_1476879863491{padding-top: 0.7em !important;padding-left: 6.3em !important;}&#8221;]<div id=\"sc_title_1638327898\"\n\t\tclass=\"scheme_default sc_title sc_title_default\"><h3 class=\"sc_item_title sc_title_title sc_align_left sc_item_title_style_title-medium-size-style\">Want To Have Some Fun?<\/h3><\/div><!-- \/.sc_title -->[vc_column_text css=&#8221;.vc_custom_1673972855356{margin-top: 2em !important;margin-bottom: 2em !important;}&#8221;]Prova l&#8217;indimenticabile sensazione di un volo libero nelle pi\u00f9 belle localit\u00e0 dell&#8217;Albania, vola come un uccello sulle cime delle montagne e sulle splendide acque turchesi dell&#8217;Adriatico e dello Ionio prenotando un volo in tandem.<br \/>\nVuoi avere dei fondi e volare da solo? Allora scegli uno dei nostri corsi di parapendio e inizia a volare come un&#8217;aquila![\/vc_column_text][\/vc_column][vc_column width=&#8221;1\/3&#8243;][vc_single_image image=&#8221;1063&#8243; img_size=&#8221;250&#215;250&#8243; add_caption=&#8221;yes&#8221; alignment=&#8221;center&#8221; style=&#8221;vc_box_circle&#8221; css=&#8221;.vc_custom_1682948589697{border-radius: 35px !important;}&#8221;][\/vc_column][\/vc_row][vc_row][vc_column][vc_row_inner][vc_column_inner][vc_column_text css=&#8221;.vc_custom_1686298365053{margin-bottom: 40px !important;}&#8221;]<\/p>\n<h4 style=\"margin-top: 0px;\">Prenota subito il tuo volo in tandem!<\/h4>\n<p>[\/vc_column_text]\n<div class=\"wpcf7 no-js\" id=\"wpcf7-f1619-o1\" lang=\"it-IT\" dir=\"ltr\">\n<div class=\"screen-reader-response\"><p role=\"status\" aria-live=\"polite\" aria-atomic=\"true\"><\/p> <ul><\/ul><\/div>\n<form action=\"\/it\/wp-json\/wp\/v2\/pages\/1597#wpcf7-f1619-o1\" method=\"post\" class=\"wpcf7-form init\" aria-label=\"Contact form\" novalidate=\"novalidate\" data-status=\"init\">\n<div style=\"display: none;\">\n<input type=\"hidden\" name=\"_wpcf7\" value=\"1619\" \/>\n<input type=\"hidden\" name=\"_wpcf7_version\" value=\"5.9.8\" \/>\n<input type=\"hidden\" name=\"_wpcf7_locale\" value=\"it_IT\" \/>\n<input type=\"hidden\" name=\"_wpcf7_unit_tag\" value=\"wpcf7-f1619-o1\" \/>\n<input type=\"hidden\" name=\"_wpcf7_container_post\" value=\"0\" \/>\n<input type=\"hidden\" name=\"_wpcf7_posted_data_hash\" value=\"\" \/>\n<input type=\"hidden\" name=\"_wpcf7_recaptcha_response\" value=\"\" \/>\n<\/div>\n<div class=\"columns_wrap\">\n\t<div class=\"column-1_1\">\n\t\t<p><span class=\"wpcf7-form-control-wrap\" data-name=\"your-name\"><input size=\"40\" maxlength=\"400\" class=\"wpcf7-form-control wpcf7-text wpcf7-validates-as-required\" aria-required=\"true\" aria-invalid=\"false\" placeholder=\"Nome\" value=\"\" type=\"text\" name=\"your-name\" \/><\/span>\n\t\t<\/p>\n\t<\/div>\n<\/div>\n<div class=\"columns_wrap\">\n\t<div class=\"column-1_1\">\n\t\t<p><span class=\"wpcf7-form-control-wrap\" data-name=\"your-email\"><input size=\"40\" maxlength=\"400\" class=\"wpcf7-form-control wpcf7-email wpcf7-validates-as-required wpcf7-text wpcf7-validates-as-email\" aria-required=\"true\" aria-invalid=\"false\" placeholder=\"E-mail\" value=\"\" type=\"email\" name=\"your-email\" \/><\/span>\n\t\t<\/p>\n\t<\/div>\n\t<div class=\"column-1_1\">\n\t\t<p><span class=\"wpcf7-form-control-wrap phone-int\"><input class=\"wpcf7-form-control wpcf7-intl_tel wpcf7-validates-as-required wpcf7-intl-tel\" aria-required=\"true\" aria-invalid=\"false\" placeholder=\"Numero di telefono*\" data-initialcountry=\"al\" value=\"\" type=\"tel\" name=\"phone-int-cf7it-national\" \/><input name=\"phone-int\" type=\"hidden\" class=\"wpcf7-intl-tel-full\" \/><input type=\"hidden\" name=\"phone-int-cf7it-country-name\" class=\"wpcf7-intl-tel-country-name\" \/><input type=\"hidden\" name=\"phone-int-cf7it-country-code\" class=\"wpcf7-intl-tel-country-code\" \/><input type=\"hidden\" name=\"phone-int-cf7it-country-iso2\" class=\"wpcf7-intl-tel-country-iso2\" \/><\/span>\n\t\t<\/p>\n\t<\/div>\n\t<div class=\"column-1_1\">\n\t\t<p><span class=\"wpcf7-form-control-wrap\" data-name=\"number-of-persons\"><input class=\"wpcf7-form-control wpcf7-number wpcf7-validates-as-required wpcf7-validates-as-number\" aria-required=\"true\" aria-invalid=\"false\" placeholder=\"Numero di persone\" value=\"\" type=\"number\" name=\"number-of-persons\" \/><\/span>\n\t\t<\/p>\n\t<\/div>\n\t<div class=\"column-1_1\">\n\t\t<p><span class=\"wpcf7-form-control-wrap\" data-name=\"date\"><input class=\"wpcf7-form-control wpcf7-date wpcf7-validates-as-required wpcf7-validates-as-date\" min=\"2026-04-28\" aria-required=\"true\" aria-invalid=\"false\" placeholder=\"Data\" value=\"\" type=\"date\" name=\"date\" \/><\/span>\n\t\t<\/p>\n\t<\/div>\n\t<div class=\"column-1_1\">\n\t\t<p><span class=\"wpcf7-form-control-wrap\" data-name=\"textarea-message\"><textarea cols=\"40\" rows=\"6\" maxlength=\"2000\" class=\"wpcf7-form-control wpcf7-textarea\" aria-invalid=\"false\" placeholder=\"Commenti o domande?\" name=\"textarea-message\"><\/textarea><\/span>\n\t\t<\/p>\n\t<\/div>\n<\/div>\n<div class=\"columns_wrap\">\n\t<div class=\"column-1_1\">\n\t\t<p><span class=\"wpcf7-form-control-wrap\" data-name=\"acceptance-86\"><span class=\"wpcf7-form-control wpcf7-acceptance\"><span class=\"wpcf7-list-item\"><label><input type=\"checkbox\" name=\"acceptance-86\" value=\"1\" aria-invalid=\"false\" \/><span class=\"wpcf7-list-item-label\">Accetto che i dati da me inviati vengano raccolti e conservati.<\/span><\/label><\/span><\/span><\/span><br \/>\n<span class=\"aligncenter\"><br \/>\n<input class=\"wpcf7-form-control wpcf7-submit has-spinner\" type=\"submit\" value=\"Invia un messaggio\" \/><\/span>\n\t\t<\/p>\n\t<\/div>\n<\/div><p style=\"display: none !important;\" class=\"akismet-fields-container\" data-prefix=\"_wpcf7_ak_\"><label>&#916;<textarea name=\"_wpcf7_ak_hp_textarea\" cols=\"45\" rows=\"8\" maxlength=\"100\"><\/textarea><\/label><input type=\"hidden\" id=\"ak_js_1\" name=\"_wpcf7_ak_js\" value=\"172\"\/><script>document.getElementById( \"ak_js_1\" ).setAttribute( \"value\", ( new Date() ).getTime() );<\/script><\/p><div class=\"wpcf7-response-output\" aria-hidden=\"true\"><\/div>\n<\/form>\n<\/div>\n[\/vc_column_inner][\/vc_row_inner][vc_column_text]<\/p>\n<h4>Cosa dice la gente di noi!<\/h4>\n<p>\r\n[\/vc_column_text][\/vc_column][\/vc_row][vc_row full_width=&#8221;stretch_row_content_no_spaces&#8221;][vc_column][vc_column_text]\t\t<div id=\"sbi_mod_error\" >\n\t\t\t<span>Questo errore \u00e8 visibile solamente agli amministratori WordPress<\/span><br \/>\n\t\t\t<p><strong>Errore: Non \u00e8 stato trovato alcun feed con l&#039;ID 2 .<\/strong>\n\t\t\t<p>Vai alla pagina delle impostazioni del feed di Instagram per creare un feed.<\/p>\n\t\t<\/div>\n\t\t[\/vc_column_text][\/vc_column][\/vc_row]<\/p>\n<\/div>","protected":false},"excerpt":{"rendered":"<p>[vc_row full_width=&#8221;stretch_row_content_no_spaces&#8221;][vc_column][rev_slider_vc alias=&#8221;home-1&#8243;][\/vc_column][\/vc_row][vc_row full_width=&#8221;stretch_row&#8221; css=&#8221;.vc_custom_1476947842768{padding-top: 5.8em !important;padding-bottom: 7.1em !important;}&#8221;][vc_column width=&#8221;1\/2&#8243; css=&#8221;.vc_custom_1673873572333{padding-right: 2em !important;}&#8221;][vc_single_image image=&#8221;1065&#8243; img_size=&#8221;600&#215;600&#8243; add_caption=&#8221;yes&#8221; alignment=&#8221;right&#8221;][\/vc_column][vc_column width=&#8221;1\/2&#8243; css=&#8221;.vc_custom_1673873586309{padding-top: 2.5em&hellip;<\/p>\n","protected":false},"author":1,"featured_media":0,"parent":0,"menu_order":0,"comment_status":"closed","ping_status":"closed","template":"","meta":{"_monsterinsights_skip_tracking":false,"_monsterinsights_sitenote_active":false,"_monsterinsights_sitenote_note":"","_monsterinsights_sitenote_category":0,"footnotes":""},"class_list":["post-1597","page","type-page","status-publish","hentry"],"aioseo_notices":[],"_links":{"self":[{"href":"https:\/\/aeroclubalbania.al\/it\/wp-json\/wp\/v2\/pages\/1597"}],"collection":[{"href":"https:\/\/aeroclubalbania.al\/it\/wp-json\/wp\/v2\/pages"}],"about":[{"href":"https:\/\/aeroclubalbania.al\/it\/wp-json\/wp\/v2\/types\/page"}],"author":[{"embeddable":true,"href":"https:\/\/aeroclubalbania.al\/it\/wp-json\/wp\/v2\/users\/1"}],"replies":[{"embeddable":true,"href":"https:\/\/aeroclubalbania.al\/it\/wp-json\/wp\/v2\/comments?post=1597"}],"version-history":[{"count":2,"href":"https:\/\/aeroclubalbania.al\/it\/wp-json\/wp\/v2\/pages\/1597\/revisions"}],"predecessor-version":[{"id":1599,"href":"https:\/\/aeroclubalbania.al\/it\/wp-json\/wp\/v2\/pages\/1597\/revisions\/1599"}],"wp:attachment":[{"href":"https:\/\/aeroclubalbania.al\/it\/wp-json\/wp\/v2\/media?parent=1597"}],"curies":[{"name":"wp","href":"https:\/\/api.w.org\/{rel}","templated":true}]}}